 {"id":30011,"date":"2026-01-15T12:21:11","date_gmt":"2026-01-15T11:21:11","guid":{"rendered":"https:\/\/bookly.pxltest.hu\/product\/temp-anne-laure-bondoux-csodak-ideje\/"},"modified":"2026-01-15T12:21:15","modified_gmt":"2026-01-15T11:21:15","slug":"30011-anne-laure-bondoux-csodak-ideje","status":"publish","type":"product","link":"https:\/\/bookly.pxltest.hu\/en\/product\/30011-anne-laure-bondoux-csodak-ideje\/","title":{"rendered":"Anne-Laure Bondoux &#8211; Csod\u00e1k ideje"},"content":{"rendered":"<p>Egyszer olvasott majd a polcon \u00e1llt \u00e9vekig, ebb\u0151l ad\u00f3d\u00f3an a lapok sz\u00e9lei els\u00e1rgultak. (f\u00e9nyk\u00e9pezve)<\/p>\n","protected":false},"excerpt":{"rendered":"<p>Egyszer olvasott majd a polcon \u00e1llt \u00e9vekig, ebb\u0151l ad\u00f3d\u00f3an a lapok sz\u00e9lei els\u00e1rgultak. (f\u00e9nyk\u00e9pezve)<\/p>\n","protected":false},"featured_media":30008,"template":"","meta":[],"product_brand":[],"product_cat":[71,77],"product_tag":[],"class_list":{"0":"post-30011","1":"product","2":"type-product","3":"status-publish","4":"has-post-thumbnail","6":"product_cat-irodalom","7":"product_cat-fantasy","9":"first","10":"instock","11":"shipping-taxable","12":"purchasable","13":"product-type-simple"},"yoast_head":"<!-- This site is optimized with the Yoast SEO plugin v26.9 - https:\/\/yoast.com\/product\/yoast-seo-wordpress\/ -->\n<title>Anne-Laure Bondoux - Csod\u00e1k ideje - Livrana<\/title>\n<meta name=\"robots\" content=\"noindex, follow, max-snippet:-1, max-image-preview:large, max-video-preview:-1\" \/>\n<meta property=\"og:locale\" content=\"en_US\" \/>\n<meta property=\"og:type\" content=\"article\" \/>\n<meta property=\"og:title\" content=\"Anne-Laure Bondoux - Csod\u00e1k ideje - Livrana\" \/>\n<meta property=\"og:description\" content=\"Egyszer olvasott majd a polcon \u00e1llt \u00e9vekig, ebb\u0151l ad\u00f3d\u00f3an a lapok sz\u00e9lei els\u00e1rgultak. (f\u00e9nyk\u00e9pezve)\" \/>\n<meta property=\"og:url\" content=\"https:\/\/bookly.pxltest.hu\/en\/product\/30011-anne-laure-bondoux-csodak-ideje\/\" \/>\n<meta property=\"og:site_name\" content=\"Livrana\" \/>\n<meta property=\"article:modified_time\" content=\"2026-01-15T11:21:15+00:00\" \/>\n<meta name=\"twitter:card\" content=\"summary_large_image\" \/>\n<script type=\"application\/ld+json\" class=\"yoast-schema-graph\">{\"@context\":\"https:\/\/schema.org\",\"@graph\":[{\"@type\":[\"WebPage\",\"ItemPage\"],\"@id\":\"https:\/\/bookly.pxltest.hu\/en\/product\/30011-anne-laure-bondoux-csodak-ideje\/\",\"url\":\"https:\/\/bookly.pxltest.hu\/en\/product\/30011-anne-laure-bondoux-csodak-ideje\/\",\"name\":\"Anne-Laure Bondoux - Csod\u00e1k ideje - Livrana\",\"isPartOf\":{\"@id\":\"https:\/\/bookly.pxltest.hu\/en\/#website\"},\"primaryImageOfPage\":{\"@id\":\"https:\/\/bookly.pxltest.hu\/en\/product\/30011-anne-laure-bondoux-csodak-ideje\/#primaryimage\"},\"image\":{\"@id\":\"https:\/\/bookly.pxltest.hu\/en\/product\/30011-anne-laure-bondoux-csodak-ideje\/#primaryimage\"},\"thumbnailUrl\":\"https:\/\/bookly.pxltest.hu\/wp-content\/uploads\/2026\/01\/1758569294.webp\",\"datePublished\":\"2026-01-15T11:21:11+00:00\",\"dateModified\":\"2026-01-15T11:21:15+00:00\",\"breadcrumb\":{\"@id\":\"https:\/\/bookly.pxltest.hu\/en\/product\/30011-anne-laure-bondoux-csodak-ideje\/#breadcrumb\"},\"inLanguage\":\"en-US\",\"potentialAction\":[{\"@type\":\"ReadAction\",\"target\":[\"https:\/\/bookly.pxltest.hu\/en\/product\/30011-anne-laure-bondoux-csodak-ideje\/\"]}]},{\"@type\":\"ImageObject\",\"inLanguage\":\"en-US\",\"@id\":\"https:\/\/bookly.pxltest.hu\/en\/product\/30011-anne-laure-bondoux-csodak-ideje\/#primaryimage\",\"url\":\"https:\/\/bookly.pxltest.hu\/wp-content\/uploads\/2026\/01\/1758569294.webp\",\"contentUrl\":\"https:\/\/bookly.pxltest.hu\/wp-content\/uploads\/2026\/01\/1758569294.webp\",\"width\":622,\"height\":800},{\"@type\":\"BreadcrumbList\",\"@id\":\"https:\/\/bookly.pxltest.hu\/en\/product\/30011-anne-laure-bondoux-csodak-ideje\/#breadcrumb\",\"itemListElement\":[{\"@type\":\"ListItem\",\"position\":1,\"name\":\"Kezd\u0151lap\",\"item\":\"https:\/\/bookly.pxltest.hu\/en\/\"},{\"@type\":\"ListItem\",\"position\":2,\"name\":\"Shop\",\"item\":\"https:\/\/bookly.pxltest.hu\/en\/shop\/\"},{\"@type\":\"ListItem\",\"position\":3,\"name\":\"Anne-Laure Bondoux &#8211; Csod\u00e1k ideje\"}]},{\"@type\":\"WebSite\",\"@id\":\"https:\/\/bookly.pxltest.hu\/en\/#website\",\"url\":\"https:\/\/bookly.pxltest.hu\/en\/\",\"name\":\"Livrana\",\"description\":\"\",\"publisher\":{\"@id\":\"https:\/\/bookly.pxltest.hu\/en\/#organization\"},\"potentialAction\":[{\"@type\":\"SearchAction\",\"target\":{\"@type\":\"EntryPoint\",\"urlTemplate\":\"https:\/\/bookly.pxltest.hu\/en\/?s={search_term_string}\"},\"query-input\":{\"@type\":\"PropertyValueSpecification\",\"valueRequired\":true,\"valueName\":\"search_term_string\"}}],\"inLanguage\":\"en-US\"},{\"@type\":\"Organization\",\"@id\":\"https:\/\/bookly.pxltest.hu\/en\/#organization\",\"name\":\"Livrana\",\"url\":\"https:\/\/bookly.pxltest.hu\/en\/\",\"logo\":{\"@type\":\"ImageObject\",\"inLanguage\":\"en-US\",\"@id\":\"https:\/\/bookly.pxltest.hu\/en\/#\/schema\/logo\/image\/\",\"url\":\"https:\/\/bookly.pxltest.hu\/wp-content\/uploads\/2025\/09\/Livrana-2.svg\",\"contentUrl\":\"https:\/\/bookly.pxltest.hu\/wp-content\/uploads\/2025\/09\/Livrana-2.svg\",\"width\":375,\"height\":374,\"caption\":\"Livrana\"},\"image\":{\"@id\":\"https:\/\/bookly.pxltest.hu\/en\/#\/schema\/logo\/image\/\"}}]}<\/script>\n<!-- \/ Yoast SEO plugin. -->","yoast_head_json":{"title":"Anne-Laure Bondoux - Csod\u00e1k ideje - Livrana","robots":{"index":"noindex","follow":"follow","max-snippet":"max-snippet:-1","max-image-preview":"max-image-preview:large","max-video-preview":"max-video-preview:-1"},"og_locale":"en_US","og_type":"article","og_title":"Anne-Laure Bondoux - Csod\u00e1k ideje - Livrana","og_description":"Egyszer olvasott majd a polcon \u00e1llt \u00e9vekig, ebb\u0151l ad\u00f3d\u00f3an a lapok sz\u00e9lei els\u00e1rgultak. (f\u00e9nyk\u00e9pezve)","og_url":"https:\/\/bookly.pxltest.hu\/en\/product\/30011-anne-laure-bondoux-csodak-ideje\/","og_site_name":"Livrana","article_modified_time":"2026-01-15T11:21:15+00:00","twitter_card":"summary_large_image","schema":{"@context":"https:\/\/schema.org","@graph":[{"@type":["WebPage","ItemPage"],"@id":"https:\/\/bookly.pxltest.hu\/en\/product\/30011-anne-laure-bondoux-csodak-ideje\/","url":"https:\/\/bookly.pxltest.hu\/en\/product\/30011-anne-laure-bondoux-csodak-ideje\/","name":"Anne-Laure Bondoux - Csod\u00e1k ideje - Livrana","isPartOf":{"@id":"https:\/\/bookly.pxltest.hu\/en\/#website"},"primaryImageOfPage":{"@id":"https:\/\/bookly.pxltest.hu\/en\/product\/30011-anne-laure-bondoux-csodak-ideje\/#primaryimage"},"image":{"@id":"https:\/\/bookly.pxltest.hu\/en\/product\/30011-anne-laure-bondoux-csodak-ideje\/#primaryimage"},"thumbnailUrl":"https:\/\/bookly.pxltest.hu\/wp-content\/uploads\/2026\/01\/1758569294.webp","datePublished":"2026-01-15T11:21:11+00:00","dateModified":"2026-01-15T11:21:15+00:00","breadcrumb":{"@id":"https:\/\/bookly.pxltest.hu\/en\/product\/30011-anne-laure-bondoux-csodak-ideje\/#breadcrumb"},"inLanguage":"en-US","potentialAction":[{"@type":"ReadAction","target":["https:\/\/bookly.pxltest.hu\/en\/product\/30011-anne-laure-bondoux-csodak-ideje\/"]}]},{"@type":"ImageObject","inLanguage":"en-US","@id":"https:\/\/bookly.pxltest.hu\/en\/product\/30011-anne-laure-bondoux-csodak-ideje\/#primaryimage","url":"https:\/\/bookly.pxltest.hu\/wp-content\/uploads\/2026\/01\/1758569294.webp","contentUrl":"https:\/\/bookly.pxltest.hu\/wp-content\/uploads\/2026\/01\/1758569294.webp","width":622,"height":800},{"@type":"BreadcrumbList","@id":"https:\/\/bookly.pxltest.hu\/en\/product\/30011-anne-laure-bondoux-csodak-ideje\/#breadcrumb","itemListElement":[{"@type":"ListItem","position":1,"name":"Kezd\u0151lap","item":"https:\/\/bookly.pxltest.hu\/en\/"},{"@type":"ListItem","position":2,"name":"Shop","item":"https:\/\/bookly.pxltest.hu\/en\/shop\/"},{"@type":"ListItem","position":3,"name":"Anne-Laure Bondoux &#8211; Csod\u00e1k ideje"}]},{"@type":"WebSite","@id":"https:\/\/bookly.pxltest.hu\/en\/#website","url":"https:\/\/bookly.pxltest.hu\/en\/","name":"Livrana","description":"","publisher":{"@id":"https:\/\/bookly.pxltest.hu\/en\/#organization"},"potentialAction":[{"@type":"SearchAction","target":{"@type":"EntryPoint","urlTemplate":"https:\/\/bookly.pxltest.hu\/en\/?s={search_term_string}"},"query-input":{"@type":"PropertyValueSpecification","valueRequired":true,"valueName":"search_term_string"}}],"inLanguage":"en-US"},{"@type":"Organization","@id":"https:\/\/bookly.pxltest.hu\/en\/#organization","name":"Livrana","url":"https:\/\/bookly.pxltest.hu\/en\/","logo":{"@type":"ImageObject","inLanguage":"en-US","@id":"https:\/\/bookly.pxltest.hu\/en\/#\/schema\/logo\/image\/","url":"https:\/\/bookly.pxltest.hu\/wp-content\/uploads\/2025\/09\/Livrana-2.svg","contentUrl":"https:\/\/bookly.pxltest.hu\/wp-content\/uploads\/2025\/09\/Livrana-2.svg","width":375,"height":374,"caption":"Livrana"},"image":{"@id":"https:\/\/bookly.pxltest.hu\/en\/#\/schema\/logo\/image\/"}}]}},"_links":{"self":[{"href":"https:\/\/bookly.pxltest.hu\/en\/wp-json\/wp\/v2\/product\/30011","targetHints":{"allow":["GET"]}}],"collection":[{"href":"https:\/\/bookly.pxltest.hu\/en\/wp-json\/wp\/v2\/product"}],"about":[{"href":"https:\/\/bookly.pxltest.hu\/en\/wp-json\/wp\/v2\/types\/product"}],"version-history":[{"count":1,"href":"https:\/\/bookly.pxltest.hu\/en\/wp-json\/wp\/v2\/product\/30011\/revisions"}],"predecessor-version":[{"id":30012,"href":"https:\/\/bookly.pxltest.hu\/en\/wp-json\/wp\/v2\/product\/30011\/revisions\/30012"}],"wp:featuredmedia":[{"embeddable":true,"href":"https:\/\/bookly.pxltest.hu\/en\/wp-json\/wp\/v2\/media\/30008"}],"wp:attachment":[{"href":"https:\/\/bookly.pxltest.hu\/en\/wp-json\/wp\/v2\/media?parent=30011"}],"wp:term":[{"taxonomy":"product_brand","embeddable":true,"href":"https:\/\/bookly.pxltest.hu\/en\/wp-json\/wp\/v2\/product_brand?post=30011"},{"taxonomy":"product_cat","embeddable":true,"href":"https:\/\/bookly.pxltest.hu\/en\/wp-json\/wp\/v2\/product_cat?post=30011"},{"taxonomy":"product_tag","embeddable":true,"href":"https:\/\/bookly.pxltest.hu\/en\/wp-json\/wp\/v2\/product_tag?post=30011"}],"curies":[{"name":"wp","href":"https:\/\/api.w.org\/{rel}","templated":true}]}}