 {"id":29920,"date":"2025-12-03T14:16:17","date_gmt":"2025-12-03T13:16:17","guid":{"rendered":"https:\/\/bookly.pxltest.hu\/product\/temp-stephenie-meyer-bree-tanner-rovid-masodik-elete\/"},"modified":"2025-12-03T14:16:18","modified_gmt":"2025-12-03T13:16:18","slug":"29920-stephenie-meyer-bree-tanner-rovid-masodik-elete","status":"publish","type":"product","link":"https:\/\/bookly.pxltest.hu\/en\/product\/29920-stephenie-meyer-bree-tanner-rovid-masodik-elete\/","title":{"rendered":"Stephenie Meyer &#8211; Bree Tanner r\u00f6vid m\u00e1sodik \u00e9lete"},"content":{"rendered":"<p>Egyszer sem olvasott, de k\u00f6lt\u00f6z\u00e9s k\u00f6zben kicsit \u00f6sszepiszkol\u00f3dott a lapok \u00e9le, illetve els\u00e1rgultak az \u00e9vek alatt. F\u00e9nyk\u00e9peztem a hib\u00e1it.<\/p>\n","protected":false},"excerpt":{"rendered":"<p>Egyszer sem olvasott, de k\u00f6lt\u00f6z\u00e9s k\u00f6zben kicsit \u00f6sszepiszkol\u00f3dott a lapok \u00e9le, illetve els\u00e1rgultak az \u00e9vek alatt. F\u00e9nyk\u00e9peztem a hib\u00e1it.<\/p>\n","protected":false},"featured_media":29919,"template":"","meta":[],"product_brand":[],"product_cat":[71,77],"product_tag":[],"class_list":{"0":"post-29920","1":"product","2":"type-product","3":"status-publish","4":"has-post-thumbnail","6":"product_cat-irodalom","7":"product_cat-fantasy","9":"first","10":"instock","11":"shipping-taxable","12":"purchasable","13":"product-type-simple"},"yoast_head":"<!-- This site is optimized with the Yoast SEO plugin v26.9 - https:\/\/yoast.com\/product\/yoast-seo-wordpress\/ -->\n<title>Stephenie Meyer - Bree Tanner r\u00f6vid m\u00e1sodik \u00e9lete - Livrana<\/title>\n<meta name=\"robots\" content=\"noindex, follow, max-snippet:-1, max-image-preview:large, max-video-preview:-1\" \/>\n<meta property=\"og:locale\" content=\"en_US\" \/>\n<meta property=\"og:type\" content=\"article\" \/>\n<meta property=\"og:title\" content=\"Stephenie Meyer - Bree Tanner r\u00f6vid m\u00e1sodik \u00e9lete - Livrana\" \/>\n<meta property=\"og:description\" content=\"Egyszer sem olvasott, de k\u00f6lt\u00f6z\u00e9s k\u00f6zben kicsit \u00f6sszepiszkol\u00f3dott a lapok \u00e9le, illetve els\u00e1rgultak az \u00e9vek alatt. F\u00e9nyk\u00e9peztem a hib\u00e1it.\" \/>\n<meta property=\"og:url\" content=\"https:\/\/bookly.pxltest.hu\/en\/product\/29920-stephenie-meyer-bree-tanner-rovid-masodik-elete\/\" \/>\n<meta property=\"og:site_name\" content=\"Livrana\" \/>\n<meta property=\"article:modified_time\" content=\"2025-12-03T13:16:18+00:00\" \/>\n<meta name=\"twitter:card\" content=\"summary_large_image\" \/>\n<script type=\"application\/ld+json\" class=\"yoast-schema-graph\">{\"@context\":\"https:\/\/schema.org\",\"@graph\":[{\"@type\":[\"WebPage\",\"ItemPage\"],\"@id\":\"https:\/\/bookly.pxltest.hu\/en\/product\/29920-stephenie-meyer-bree-tanner-rovid-masodik-elete\/\",\"url\":\"https:\/\/bookly.pxltest.hu\/en\/product\/29920-stephenie-meyer-bree-tanner-rovid-masodik-elete\/\",\"name\":\"Stephenie Meyer - Bree Tanner r\u00f6vid m\u00e1sodik \u00e9lete - Livrana\",\"isPartOf\":{\"@id\":\"https:\/\/bookly.pxltest.hu\/en\/#website\"},\"primaryImageOfPage\":{\"@id\":\"https:\/\/bookly.pxltest.hu\/en\/product\/29920-stephenie-meyer-bree-tanner-rovid-masodik-elete\/#primaryimage\"},\"image\":{\"@id\":\"https:\/\/bookly.pxltest.hu\/en\/product\/29920-stephenie-meyer-bree-tanner-rovid-masodik-elete\/#primaryimage\"},\"thumbnailUrl\":\"https:\/\/bookly.pxltest.hu\/wp-content\/uploads\/2025\/12\/1758570358.webp\",\"datePublished\":\"2025-12-03T13:16:17+00:00\",\"dateModified\":\"2025-12-03T13:16:18+00:00\",\"breadcrumb\":{\"@id\":\"https:\/\/bookly.pxltest.hu\/en\/product\/29920-stephenie-meyer-bree-tanner-rovid-masodik-elete\/#breadcrumb\"},\"inLanguage\":\"en-US\",\"potentialAction\":[{\"@type\":\"ReadAction\",\"target\":[\"https:\/\/bookly.pxltest.hu\/en\/product\/29920-stephenie-meyer-bree-tanner-rovid-masodik-elete\/\"]}]},{\"@type\":\"ImageObject\",\"inLanguage\":\"en-US\",\"@id\":\"https:\/\/bookly.pxltest.hu\/en\/product\/29920-stephenie-meyer-bree-tanner-rovid-masodik-elete\/#primaryimage\",\"url\":\"https:\/\/bookly.pxltest.hu\/wp-content\/uploads\/2025\/12\/1758570358.webp\",\"contentUrl\":\"https:\/\/bookly.pxltest.hu\/wp-content\/uploads\/2025\/12\/1758570358.webp\",\"width\":639,\"height\":800},{\"@type\":\"BreadcrumbList\",\"@id\":\"https:\/\/bookly.pxltest.hu\/en\/product\/29920-stephenie-meyer-bree-tanner-rovid-masodik-elete\/#breadcrumb\",\"itemListElement\":[{\"@type\":\"ListItem\",\"position\":1,\"name\":\"Kezd\u0151lap\",\"item\":\"https:\/\/bookly.pxltest.hu\/en\/\"},{\"@type\":\"ListItem\",\"position\":2,\"name\":\"Shop\",\"item\":\"https:\/\/bookly.pxltest.hu\/en\/shop\/\"},{\"@type\":\"ListItem\",\"position\":3,\"name\":\"Stephenie Meyer &#8211; Bree Tanner r\u00f6vid m\u00e1sodik \u00e9lete\"}]},{\"@type\":\"WebSite\",\"@id\":\"https:\/\/bookly.pxltest.hu\/en\/#website\",\"url\":\"https:\/\/bookly.pxltest.hu\/en\/\",\"name\":\"Livrana\",\"description\":\"\",\"publisher\":{\"@id\":\"https:\/\/bookly.pxltest.hu\/en\/#organization\"},\"potentialAction\":[{\"@type\":\"SearchAction\",\"target\":{\"@type\":\"EntryPoint\",\"urlTemplate\":\"https:\/\/bookly.pxltest.hu\/en\/?s={search_term_string}\"},\"query-input\":{\"@type\":\"PropertyValueSpecification\",\"valueRequired\":true,\"valueName\":\"search_term_string\"}}],\"inLanguage\":\"en-US\"},{\"@type\":\"Organization\",\"@id\":\"https:\/\/bookly.pxltest.hu\/en\/#organization\",\"name\":\"Livrana\",\"url\":\"https:\/\/bookly.pxltest.hu\/en\/\",\"logo\":{\"@type\":\"ImageObject\",\"inLanguage\":\"en-US\",\"@id\":\"https:\/\/bookly.pxltest.hu\/en\/#\/schema\/logo\/image\/\",\"url\":\"https:\/\/bookly.pxltest.hu\/wp-content\/uploads\/2025\/09\/Livrana-2.svg\",\"contentUrl\":\"https:\/\/bookly.pxltest.hu\/wp-content\/uploads\/2025\/09\/Livrana-2.svg\",\"width\":375,\"height\":374,\"caption\":\"Livrana\"},\"image\":{\"@id\":\"https:\/\/bookly.pxltest.hu\/en\/#\/schema\/logo\/image\/\"}}]}<\/script>\n<!-- \/ Yoast SEO plugin. -->","yoast_head_json":{"title":"Stephenie Meyer - Bree Tanner r\u00f6vid m\u00e1sodik \u00e9lete - Livrana","robots":{"index":"noindex","follow":"follow","max-snippet":"max-snippet:-1","max-image-preview":"max-image-preview:large","max-video-preview":"max-video-preview:-1"},"og_locale":"en_US","og_type":"article","og_title":"Stephenie Meyer - Bree Tanner r\u00f6vid m\u00e1sodik \u00e9lete - Livrana","og_description":"Egyszer sem olvasott, de k\u00f6lt\u00f6z\u00e9s k\u00f6zben kicsit \u00f6sszepiszkol\u00f3dott a lapok \u00e9le, illetve els\u00e1rgultak az \u00e9vek alatt. F\u00e9nyk\u00e9peztem a hib\u00e1it.","og_url":"https:\/\/bookly.pxltest.hu\/en\/product\/29920-stephenie-meyer-bree-tanner-rovid-masodik-elete\/","og_site_name":"Livrana","article_modified_time":"2025-12-03T13:16:18+00:00","twitter_card":"summary_large_image","schema":{"@context":"https:\/\/schema.org","@graph":[{"@type":["WebPage","ItemPage"],"@id":"https:\/\/bookly.pxltest.hu\/en\/product\/29920-stephenie-meyer-bree-tanner-rovid-masodik-elete\/","url":"https:\/\/bookly.pxltest.hu\/en\/product\/29920-stephenie-meyer-bree-tanner-rovid-masodik-elete\/","name":"Stephenie Meyer - Bree Tanner r\u00f6vid m\u00e1sodik \u00e9lete - Livrana","isPartOf":{"@id":"https:\/\/bookly.pxltest.hu\/en\/#website"},"primaryImageOfPage":{"@id":"https:\/\/bookly.pxltest.hu\/en\/product\/29920-stephenie-meyer-bree-tanner-rovid-masodik-elete\/#primaryimage"},"image":{"@id":"https:\/\/bookly.pxltest.hu\/en\/product\/29920-stephenie-meyer-bree-tanner-rovid-masodik-elete\/#primaryimage"},"thumbnailUrl":"https:\/\/bookly.pxltest.hu\/wp-content\/uploads\/2025\/12\/1758570358.webp","datePublished":"2025-12-03T13:16:17+00:00","dateModified":"2025-12-03T13:16:18+00:00","breadcrumb":{"@id":"https:\/\/bookly.pxltest.hu\/en\/product\/29920-stephenie-meyer-bree-tanner-rovid-masodik-elete\/#breadcrumb"},"inLanguage":"en-US","potentialAction":[{"@type":"ReadAction","target":["https:\/\/bookly.pxltest.hu\/en\/product\/29920-stephenie-meyer-bree-tanner-rovid-masodik-elete\/"]}]},{"@type":"ImageObject","inLanguage":"en-US","@id":"https:\/\/bookly.pxltest.hu\/en\/product\/29920-stephenie-meyer-bree-tanner-rovid-masodik-elete\/#primaryimage","url":"https:\/\/bookly.pxltest.hu\/wp-content\/uploads\/2025\/12\/1758570358.webp","contentUrl":"https:\/\/bookly.pxltest.hu\/wp-content\/uploads\/2025\/12\/1758570358.webp","width":639,"height":800},{"@type":"BreadcrumbList","@id":"https:\/\/bookly.pxltest.hu\/en\/product\/29920-stephenie-meyer-bree-tanner-rovid-masodik-elete\/#breadcrumb","itemListElement":[{"@type":"ListItem","position":1,"name":"Kezd\u0151lap","item":"https:\/\/bookly.pxltest.hu\/en\/"},{"@type":"ListItem","position":2,"name":"Shop","item":"https:\/\/bookly.pxltest.hu\/en\/shop\/"},{"@type":"ListItem","position":3,"name":"Stephenie Meyer &#8211; Bree Tanner r\u00f6vid m\u00e1sodik \u00e9lete"}]},{"@type":"WebSite","@id":"https:\/\/bookly.pxltest.hu\/en\/#website","url":"https:\/\/bookly.pxltest.hu\/en\/","name":"Livrana","description":"","publisher":{"@id":"https:\/\/bookly.pxltest.hu\/en\/#organization"},"potentialAction":[{"@type":"SearchAction","target":{"@type":"EntryPoint","urlTemplate":"https:\/\/bookly.pxltest.hu\/en\/?s={search_term_string}"},"query-input":{"@type":"PropertyValueSpecification","valueRequired":true,"valueName":"search_term_string"}}],"inLanguage":"en-US"},{"@type":"Organization","@id":"https:\/\/bookly.pxltest.hu\/en\/#organization","name":"Livrana","url":"https:\/\/bookly.pxltest.hu\/en\/","logo":{"@type":"ImageObject","inLanguage":"en-US","@id":"https:\/\/bookly.pxltest.hu\/en\/#\/schema\/logo\/image\/","url":"https:\/\/bookly.pxltest.hu\/wp-content\/uploads\/2025\/09\/Livrana-2.svg","contentUrl":"https:\/\/bookly.pxltest.hu\/wp-content\/uploads\/2025\/09\/Livrana-2.svg","width":375,"height":374,"caption":"Livrana"},"image":{"@id":"https:\/\/bookly.pxltest.hu\/en\/#\/schema\/logo\/image\/"}}]}},"_links":{"self":[{"href":"https:\/\/bookly.pxltest.hu\/en\/wp-json\/wp\/v2\/product\/29920","targetHints":{"allow":["GET"]}}],"collection":[{"href":"https:\/\/bookly.pxltest.hu\/en\/wp-json\/wp\/v2\/product"}],"about":[{"href":"https:\/\/bookly.pxltest.hu\/en\/wp-json\/wp\/v2\/types\/product"}],"version-history":[{"count":1,"href":"https:\/\/bookly.pxltest.hu\/en\/wp-json\/wp\/v2\/product\/29920\/revisions"}],"predecessor-version":[{"id":29921,"href":"https:\/\/bookly.pxltest.hu\/en\/wp-json\/wp\/v2\/product\/29920\/revisions\/29921"}],"wp:featuredmedia":[{"embeddable":true,"href":"https:\/\/bookly.pxltest.hu\/en\/wp-json\/wp\/v2\/media\/29919"}],"wp:attachment":[{"href":"https:\/\/bookly.pxltest.hu\/en\/wp-json\/wp\/v2\/media?parent=29920"}],"wp:term":[{"taxonomy":"product_brand","embeddable":true,"href":"https:\/\/bookly.pxltest.hu\/en\/wp-json\/wp\/v2\/product_brand?post=29920"},{"taxonomy":"product_cat","embeddable":true,"href":"https:\/\/bookly.pxltest.hu\/en\/wp-json\/wp\/v2\/product_cat?post=29920"},{"taxonomy":"product_tag","embeddable":true,"href":"https:\/\/bookly.pxltest.hu\/en\/wp-json\/wp\/v2\/product_tag?post=29920"}],"curies":[{"name":"wp","href":"https:\/\/api.w.org\/{rel}","templated":true}]}}