 {"id":29914,"date":"2025-12-03T12:13:37","date_gmt":"2025-12-03T11:13:37","guid":{"rendered":"https:\/\/bookly.pxltest.hu\/product\/temp-veronica-rossi-vegtelen-eg-alatt\/"},"modified":"2025-12-03T12:13:37","modified_gmt":"2025-12-03T11:13:37","slug":"29914-veronica-rossi-vegtelen-eg-alatt","status":"publish","type":"product","link":"https:\/\/bookly.pxltest.hu\/en\/product\/29914-veronica-rossi-vegtelen-eg-alatt\/","title":{"rendered":"Veronica Rossi &#8211; V\u00e9gtelen \u00e9g alatt"},"content":{"rendered":"<p>Egyszer sem olvasott, de a polcon \u00e1llt \u00e9vekig \u00e9s emiatt a lapok sz\u00e9lei enyh\u00e9n els\u00e1rgultak.<\/p>\n","protected":false},"excerpt":{"rendered":"<p>Egyszer sem olvasott, de a polcon \u00e1llt \u00e9vekig \u00e9s emiatt a lapok sz\u00e9lei enyh\u00e9n els\u00e1rgultak.<\/p>\n","protected":false},"featured_media":29913,"template":"","meta":[],"product_brand":[],"product_cat":[71,78],"product_tag":[],"class_list":{"0":"post-29914","1":"product","2":"type-product","3":"status-publish","4":"has-post-thumbnail","6":"product_cat-irodalom","7":"product_cat-sci-fi","9":"first","10":"instock","11":"shipping-taxable","12":"purchasable","13":"product-type-simple"},"yoast_head":"<!-- This site is optimized with the Yoast SEO plugin v26.9 - https:\/\/yoast.com\/product\/yoast-seo-wordpress\/ -->\n<title>Veronica Rossi - V\u00e9gtelen \u00e9g alatt - Livrana<\/title>\n<meta name=\"robots\" content=\"noindex, follow, max-snippet:-1, max-image-preview:large, max-video-preview:-1\" \/>\n<meta property=\"og:locale\" content=\"en_US\" \/>\n<meta property=\"og:type\" content=\"article\" \/>\n<meta property=\"og:title\" content=\"Veronica Rossi - V\u00e9gtelen \u00e9g alatt - Livrana\" \/>\n<meta property=\"og:description\" content=\"Egyszer sem olvasott, de a polcon \u00e1llt \u00e9vekig \u00e9s emiatt a lapok sz\u00e9lei enyh\u00e9n els\u00e1rgultak.\" \/>\n<meta property=\"og:url\" content=\"https:\/\/bookly.pxltest.hu\/en\/product\/29914-veronica-rossi-vegtelen-eg-alatt\/\" \/>\n<meta property=\"og:site_name\" content=\"Livrana\" \/>\n<meta name=\"twitter:card\" content=\"summary_large_image\" \/>\n<script type=\"application\/ld+json\" class=\"yoast-schema-graph\">{\"@context\":\"https:\/\/schema.org\",\"@graph\":[{\"@type\":[\"WebPage\",\"ItemPage\"],\"@id\":\"https:\/\/bookly.pxltest.hu\/en\/product\/29914-veronica-rossi-vegtelen-eg-alatt\/\",\"url\":\"https:\/\/bookly.pxltest.hu\/en\/product\/29914-veronica-rossi-vegtelen-eg-alatt\/\",\"name\":\"Veronica Rossi - V\u00e9gtelen \u00e9g alatt - Livrana\",\"isPartOf\":{\"@id\":\"https:\/\/bookly.pxltest.hu\/en\/#website\"},\"primaryImageOfPage\":{\"@id\":\"https:\/\/bookly.pxltest.hu\/en\/product\/29914-veronica-rossi-vegtelen-eg-alatt\/#primaryimage\"},\"image\":{\"@id\":\"https:\/\/bookly.pxltest.hu\/en\/product\/29914-veronica-rossi-vegtelen-eg-alatt\/#primaryimage\"},\"thumbnailUrl\":\"https:\/\/bookly.pxltest.hu\/wp-content\/uploads\/2025\/12\/1758584172.jpeg\",\"datePublished\":\"2025-12-03T11:13:37+00:00\",\"breadcrumb\":{\"@id\":\"https:\/\/bookly.pxltest.hu\/en\/product\/29914-veronica-rossi-vegtelen-eg-alatt\/#breadcrumb\"},\"inLanguage\":\"en-US\",\"potentialAction\":[{\"@type\":\"ReadAction\",\"target\":[\"https:\/\/bookly.pxltest.hu\/en\/product\/29914-veronica-rossi-vegtelen-eg-alatt\/\"]}]},{\"@type\":\"ImageObject\",\"inLanguage\":\"en-US\",\"@id\":\"https:\/\/bookly.pxltest.hu\/en\/product\/29914-veronica-rossi-vegtelen-eg-alatt\/#primaryimage\",\"url\":\"https:\/\/bookly.pxltest.hu\/wp-content\/uploads\/2025\/12\/1758584172.jpeg\",\"contentUrl\":\"https:\/\/bookly.pxltest.hu\/wp-content\/uploads\/2025\/12\/1758584172.jpeg\",\"width\":605,\"height\":800},{\"@type\":\"BreadcrumbList\",\"@id\":\"https:\/\/bookly.pxltest.hu\/en\/product\/29914-veronica-rossi-vegtelen-eg-alatt\/#breadcrumb\",\"itemListElement\":[{\"@type\":\"ListItem\",\"position\":1,\"name\":\"Kezd\u0151lap\",\"item\":\"https:\/\/bookly.pxltest.hu\/en\/\"},{\"@type\":\"ListItem\",\"position\":2,\"name\":\"Shop\",\"item\":\"https:\/\/bookly.pxltest.hu\/en\/shop\/\"},{\"@type\":\"ListItem\",\"position\":3,\"name\":\"Veronica Rossi &#8211; V\u00e9gtelen \u00e9g alatt\"}]},{\"@type\":\"WebSite\",\"@id\":\"https:\/\/bookly.pxltest.hu\/en\/#website\",\"url\":\"https:\/\/bookly.pxltest.hu\/en\/\",\"name\":\"Livrana\",\"description\":\"\",\"publisher\":{\"@id\":\"https:\/\/bookly.pxltest.hu\/en\/#organization\"},\"potentialAction\":[{\"@type\":\"SearchAction\",\"target\":{\"@type\":\"EntryPoint\",\"urlTemplate\":\"https:\/\/bookly.pxltest.hu\/en\/?s={search_term_string}\"},\"query-input\":{\"@type\":\"PropertyValueSpecification\",\"valueRequired\":true,\"valueName\":\"search_term_string\"}}],\"inLanguage\":\"en-US\"},{\"@type\":\"Organization\",\"@id\":\"https:\/\/bookly.pxltest.hu\/en\/#organization\",\"name\":\"Livrana\",\"url\":\"https:\/\/bookly.pxltest.hu\/en\/\",\"logo\":{\"@type\":\"ImageObject\",\"inLanguage\":\"en-US\",\"@id\":\"https:\/\/bookly.pxltest.hu\/en\/#\/schema\/logo\/image\/\",\"url\":\"https:\/\/bookly.pxltest.hu\/wp-content\/uploads\/2025\/09\/Livrana-2.svg\",\"contentUrl\":\"https:\/\/bookly.pxltest.hu\/wp-content\/uploads\/2025\/09\/Livrana-2.svg\",\"width\":375,\"height\":374,\"caption\":\"Livrana\"},\"image\":{\"@id\":\"https:\/\/bookly.pxltest.hu\/en\/#\/schema\/logo\/image\/\"}}]}<\/script>\n<!-- \/ Yoast SEO plugin. -->","yoast_head_json":{"title":"Veronica Rossi - V\u00e9gtelen \u00e9g alatt - Livrana","robots":{"index":"noindex","follow":"follow","max-snippet":"max-snippet:-1","max-image-preview":"max-image-preview:large","max-video-preview":"max-video-preview:-1"},"og_locale":"en_US","og_type":"article","og_title":"Veronica Rossi - V\u00e9gtelen \u00e9g alatt - Livrana","og_description":"Egyszer sem olvasott, de a polcon \u00e1llt \u00e9vekig \u00e9s emiatt a lapok sz\u00e9lei enyh\u00e9n els\u00e1rgultak.","og_url":"https:\/\/bookly.pxltest.hu\/en\/product\/29914-veronica-rossi-vegtelen-eg-alatt\/","og_site_name":"Livrana","twitter_card":"summary_large_image","schema":{"@context":"https:\/\/schema.org","@graph":[{"@type":["WebPage","ItemPage"],"@id":"https:\/\/bookly.pxltest.hu\/en\/product\/29914-veronica-rossi-vegtelen-eg-alatt\/","url":"https:\/\/bookly.pxltest.hu\/en\/product\/29914-veronica-rossi-vegtelen-eg-alatt\/","name":"Veronica Rossi - V\u00e9gtelen \u00e9g alatt - Livrana","isPartOf":{"@id":"https:\/\/bookly.pxltest.hu\/en\/#website"},"primaryImageOfPage":{"@id":"https:\/\/bookly.pxltest.hu\/en\/product\/29914-veronica-rossi-vegtelen-eg-alatt\/#primaryimage"},"image":{"@id":"https:\/\/bookly.pxltest.hu\/en\/product\/29914-veronica-rossi-vegtelen-eg-alatt\/#primaryimage"},"thumbnailUrl":"https:\/\/bookly.pxltest.hu\/wp-content\/uploads\/2025\/12\/1758584172.jpeg","datePublished":"2025-12-03T11:13:37+00:00","breadcrumb":{"@id":"https:\/\/bookly.pxltest.hu\/en\/product\/29914-veronica-rossi-vegtelen-eg-alatt\/#breadcrumb"},"inLanguage":"en-US","potentialAction":[{"@type":"ReadAction","target":["https:\/\/bookly.pxltest.hu\/en\/product\/29914-veronica-rossi-vegtelen-eg-alatt\/"]}]},{"@type":"ImageObject","inLanguage":"en-US","@id":"https:\/\/bookly.pxltest.hu\/en\/product\/29914-veronica-rossi-vegtelen-eg-alatt\/#primaryimage","url":"https:\/\/bookly.pxltest.hu\/wp-content\/uploads\/2025\/12\/1758584172.jpeg","contentUrl":"https:\/\/bookly.pxltest.hu\/wp-content\/uploads\/2025\/12\/1758584172.jpeg","width":605,"height":800},{"@type":"BreadcrumbList","@id":"https:\/\/bookly.pxltest.hu\/en\/product\/29914-veronica-rossi-vegtelen-eg-alatt\/#breadcrumb","itemListElement":[{"@type":"ListItem","position":1,"name":"Kezd\u0151lap","item":"https:\/\/bookly.pxltest.hu\/en\/"},{"@type":"ListItem","position":2,"name":"Shop","item":"https:\/\/bookly.pxltest.hu\/en\/shop\/"},{"@type":"ListItem","position":3,"name":"Veronica Rossi &#8211; V\u00e9gtelen \u00e9g alatt"}]},{"@type":"WebSite","@id":"https:\/\/bookly.pxltest.hu\/en\/#website","url":"https:\/\/bookly.pxltest.hu\/en\/","name":"Livrana","description":"","publisher":{"@id":"https:\/\/bookly.pxltest.hu\/en\/#organization"},"potentialAction":[{"@type":"SearchAction","target":{"@type":"EntryPoint","urlTemplate":"https:\/\/bookly.pxltest.hu\/en\/?s={search_term_string}"},"query-input":{"@type":"PropertyValueSpecification","valueRequired":true,"valueName":"search_term_string"}}],"inLanguage":"en-US"},{"@type":"Organization","@id":"https:\/\/bookly.pxltest.hu\/en\/#organization","name":"Livrana","url":"https:\/\/bookly.pxltest.hu\/en\/","logo":{"@type":"ImageObject","inLanguage":"en-US","@id":"https:\/\/bookly.pxltest.hu\/en\/#\/schema\/logo\/image\/","url":"https:\/\/bookly.pxltest.hu\/wp-content\/uploads\/2025\/09\/Livrana-2.svg","contentUrl":"https:\/\/bookly.pxltest.hu\/wp-content\/uploads\/2025\/09\/Livrana-2.svg","width":375,"height":374,"caption":"Livrana"},"image":{"@id":"https:\/\/bookly.pxltest.hu\/en\/#\/schema\/logo\/image\/"}}]}},"_links":{"self":[{"href":"https:\/\/bookly.pxltest.hu\/en\/wp-json\/wp\/v2\/product\/29914","targetHints":{"allow":["GET"]}}],"collection":[{"href":"https:\/\/bookly.pxltest.hu\/en\/wp-json\/wp\/v2\/product"}],"about":[{"href":"https:\/\/bookly.pxltest.hu\/en\/wp-json\/wp\/v2\/types\/product"}],"version-history":[{"count":1,"href":"https:\/\/bookly.pxltest.hu\/en\/wp-json\/wp\/v2\/product\/29914\/revisions"}],"predecessor-version":[{"id":29915,"href":"https:\/\/bookly.pxltest.hu\/en\/wp-json\/wp\/v2\/product\/29914\/revisions\/29915"}],"wp:featuredmedia":[{"embeddable":true,"href":"https:\/\/bookly.pxltest.hu\/en\/wp-json\/wp\/v2\/media\/29913"}],"wp:attachment":[{"href":"https:\/\/bookly.pxltest.hu\/en\/wp-json\/wp\/v2\/media?parent=29914"}],"wp:term":[{"taxonomy":"product_brand","embeddable":true,"href":"https:\/\/bookly.pxltest.hu\/en\/wp-json\/wp\/v2\/product_brand?post=29914"},{"taxonomy":"product_cat","embeddable":true,"href":"https:\/\/bookly.pxltest.hu\/en\/wp-json\/wp\/v2\/product_cat?post=29914"},{"taxonomy":"product_tag","embeddable":true,"href":"https:\/\/bookly.pxltest.hu\/en\/wp-json\/wp\/v2\/product_tag?post=29914"}],"curies":[{"name":"wp","href":"https:\/\/api.w.org\/{rel}","templated":true}]}}